{"id":9,"date":"2017-11-22T13:21:24","date_gmt":"2017-11-22T13:21:24","guid":{"rendered":"https:\/\/strahlemaus.at\/?page_id=9"},"modified":"2017-11-27T12:22:57","modified_gmt":"2017-11-27T11:22:57","slug":"ueber-mich","status":"publish","type":"page","link":"https:\/\/strahlemaus.at\/?page_id=9","title":{"rendered":"\u00dcber mich"},"content":{"rendered":"<p>Mein Name ist Alexandra und ich besch\u00e4ftige mich sehr viel mit dem Thema F\u00fchrung und Kommunikation. Es ist, kann man so sagen, mein Hobby. Wenn man sein Hobby dann im Beruf anwenden kann, dann ist das quasi ein Bonus, welchen man nicht so oft erh\u00e4lt.<\/p>\n","protected":false},"excerpt":{"rendered":"<p>Mein Name ist Alexandra und ich besch\u00e4ftige mich sehr viel mit dem Thema F\u00fchrung und Kommunikation. Es ist, kann man so sagen, mein Hobby. Wenn man sein Hobby dann im Beruf anwenden kann, dann&#46;&#46;&#46;<\/p>\n","protected":false},"author":1,"featured_media":0,"parent":0,"menu_order":0,"comment_status":"closed","ping_status":"closed","template":"","meta":{"footnotes":""},"class_list":["post-9","page","type-page","status-publish","hentry"],"_links":{"self":[{"href":"https:\/\/strahlemaus.at\/index.php?rest_route=\/wp\/v2\/pages\/9","targetHints":{"allow":["GET"]}}],"collection":[{"href":"https:\/\/strahlemaus.at\/index.php?rest_route=\/wp\/v2\/pages"}],"about":[{"href":"https:\/\/strahlemaus.at\/index.php?rest_route=\/wp\/v2\/types\/page"}],"author":[{"embeddable":true,"href":"https:\/\/strahlemaus.at\/index.php?rest_route=\/wp\/v2\/users\/1"}],"replies":[{"embeddable":true,"href":"https:\/\/strahlemaus.at\/index.php?rest_route=%2Fwp%2Fv2%2Fcomments&post=9"}],"version-history":[{"count":4,"href":"https:\/\/strahlemaus.at\/index.php?rest_route=\/wp\/v2\/pages\/9\/revisions"}],"predecessor-version":[{"id":187,"href":"https:\/\/strahlemaus.at\/index.php?rest_route=\/wp\/v2\/pages\/9\/revisions\/187"}],"wp:attachment":[{"href":"https:\/\/strahlemaus.at\/index.php?rest_route=%2Fwp%2Fv2%2Fmedia&parent=9"}],"curies":[{"name":"wp","href":"https:\/\/api.w.org\/{rel}","templated":true}]}}