{"id":103,"date":"2017-11-23T13:40:07","date_gmt":"2017-11-23T12:40:07","guid":{"rendered":"https:\/\/strahlemaus.at\/?page_id=103"},"modified":"2017-11-28T12:26:14","modified_gmt":"2017-11-28T11:26:14","slug":"buechertips","status":"publish","type":"page","link":"https:\/\/strahlemaus.at\/?page_id=103","title":{"rendered":"Literatur"},"content":{"rendered":"<p><span style=\"color: #3366ff;\"><strong>\u201eB\u00fccher begleiten uns durch unser Leben. Sie sind Mittel unserer Menschwerdung, sie vertiefen unser Bewu\u00dftsein.\u201c \u2013 Reinhard Piper<\/strong><\/span><\/p>\n<p>&nbsp;<\/p>\n<p>Hier m\u00f6chte ich euch einen Einblick \u00fcber Litheratur zum Thema F\u00fchrung und Kommunikation geben. Ich habe bereits viele B\u00fccher zu den Themen gelesen. Manche kann ich f\u00fcr mich mehr verwenden und manche sind ein guter Input \u00fcber gewisse Themen nachzudenken.<\/p>\n<p>&nbsp;<\/p>\n<ul>\n<li style=\"list-style-type: none;\">\n<ul>\n<li><a href=\"https:\/\/www.amazon.de\/gp\/product\/3451613743\/ref=oh_aui_search_detailpage?ie=UTF8&amp;psc=1\">Wer hat den Ball ?: Mitarbeiter einfach f\u00fchren<\/a> von Thomas Fritzsch<br \/>\n<em>Als F\u00fchrungskraft\u00a0kann man in Situationen kommen, in welchem man sich denkt &#8222;Denken meine Mitarbeiter nicht mit&#8220; oder &#8222;Wieso muss ich alles so oft wiederholen&#8220;<\/em><br \/>\n<em> Nunja, wer m\u00f6chte schon alles vorgekaut bekommen ? Wieso soll ich noch denken wenn man mir sowieso also vorpr\u00e4digt ? Vergessen\u00a0? Na, dann frage ich nochmals.<\/em><br \/>\n<em> Ein total kurzweiliges Buch mit einigen &#8222;AHA&#8220;\u00a0effekten und der Aufbau dieser Geschichten und Gedanken ist meiner Meinung nach total gut gelungen.<\/p>\n<p><\/em>Thomas Fritzsche, Dipl.-Psych., geb. 1961, trainiert und coacht seit \u00fcber 20 Jahren erfolgreich mittlere und Top-F\u00fchrungskr\u00e4fte, insbesondere in den Bereichen Mitarbeiterf\u00fchrung und Verhandlungsf\u00fchrung. Sein Markenzeichen ist das Vermitteln von angewandter Psychologie im Businessalltag. 1998 gr\u00fcndete er unter dem Namen TOMplus ein kompetentes Trainernetzwerk mit psychologischer Fundierung. Er f\u00fchrt bereits seit 1988 eine auf Verhaltenstherapie, Hypnotherapie und systemische Organisationsberatung spezialisierte psychotherapeutische Praxis &#8211; auch diese Erfahrung flie\u00dft in seinen B\u00fcchern mit ein. Der ausgebildete \u201eMental Trainer\u201c hat zudem einen Lehrauftrag zum Thema \u201eHypnotische Kommunikation\u201c an der Justus-Liebig-Universit\u00e4t. Weitere Informationen unter <a href=\"http:\/\/www.thomasfritzsche.de\">www.thomasfritzsche.de<\/a><\/li>\n<\/ul>\n<\/li>\n<\/ul>\n<div id=\"byline\" class=\"a-section a-spacing-micro bylineHidden feature\">\n<div id=\"a-popover-contributor-info-B00J1RT48M\" class=\"a-popover-preload\">\n<div class=\"a-section\"><\/div>\n<\/div>\n<\/div>\n","protected":false},"excerpt":{"rendered":"<p>\u201eB\u00fccher begleiten uns durch unser Leben. Sie sind Mittel unserer Menschwerdung, sie vertiefen unser Bewu\u00dftsein.\u201c \u2013 Reinhard Piper &nbsp; Hier m\u00f6chte ich euch einen Einblick \u00fcber Litheratur zum Thema F\u00fchrung und Kommunikation geben. Ich&#46;&#46;&#46;<\/p>\n","protected":false},"author":1,"featured_media":0,"parent":0,"menu_order":0,"comment_status":"closed","ping_status":"closed","template":"","meta":{"footnotes":""},"class_list":["post-103","page","type-page","status-publish","hentry"],"_links":{"self":[{"href":"https:\/\/strahlemaus.at\/index.php?rest_route=\/wp\/v2\/pages\/103","targetHints":{"allow":["GET"]}}],"collection":[{"href":"https:\/\/strahlemaus.at\/index.php?rest_route=\/wp\/v2\/pages"}],"about":[{"href":"https:\/\/strahlemaus.at\/index.php?rest_route=\/wp\/v2\/types\/page"}],"author":[{"embeddable":true,"href":"https:\/\/strahlemaus.at\/index.php?rest_route=\/wp\/v2\/users\/1"}],"replies":[{"embeddable":true,"href":"https:\/\/strahlemaus.at\/index.php?rest_route=%2Fwp%2Fv2%2Fcomments&post=103"}],"version-history":[{"count":8,"href":"https:\/\/strahlemaus.at\/index.php?rest_route=\/wp\/v2\/pages\/103\/revisions"}],"predecessor-version":[{"id":225,"href":"https:\/\/strahlemaus.at\/index.php?rest_route=\/wp\/v2\/pages\/103\/revisions\/225"}],"wp:attachment":[{"href":"https:\/\/strahlemaus.at\/index.php?rest_route=%2Fwp%2Fv2%2Fmedia&parent=103"}],"curies":[{"name":"wp","href":"https:\/\/api.w.org\/{rel}","templated":true}]}}