{"id":102,"date":"2017-11-23T13:40:07","date_gmt":"2017-11-23T12:40:07","guid":{"rendered":"https:\/\/strahlemaus.at\/?page_id=102"},"modified":"2017-12-14T14:04:56","modified_gmt":"2017-12-14T13:04:56","slug":"videos","status":"publish","type":"page","link":"https:\/\/strahlemaus.at\/?page_id=102","title":{"rendered":"Videos"},"content":{"rendered":"<p>In dieser Rubrik m\u00f6chte ich euch immer wieder neue und sehenswerte Videos zum Thema F\u00fchrung und Kommunikation vorstellen.<\/p>\n<p>Kennst du das auch ? Du siehst dir sehr viele Videos zu einem Thema an und irgendwann wiederholen sich die Inhalte nur noch. Hier m\u00f6chte ich dir Videos zeigen, welche sich f\u00fcr mich aus der breiten Masse abheben oder den Inhalt transportieren f\u00fcr den ich mich begeistern kann.<\/p>\n<ul>\n<li>Dieses Video ist von Simon Sinek &#8211; in diesem beschreibt er sehr gut was F\u00fchrung sein kann &#8211; lasst euch inspirieren !<br \/>\n<a href=\"https:\/\/www.youtube.com\/watch?v=lmyZMtPVodo\">https:\/\/www.youtube.com\/watch?v=lmyZMtPVodo<\/a>&nbsp;<\/li>\n<li>Suzanne Grieger-Langer\u00a0\u00a0ist Profilerin und es lohnt sich absolut mehr \u00fcber diese Frau zu wissen<br \/>\nEines, der wie ich finde besten Videos von ihr, findet ihr auf ihrem <a href=\"https:\/\/www.facebook.com\/ProfilerSuzanne\/videos\/536750626679568\/?hc_ref=ARQnOXNJYkjx8rGHX2dARArvrD9ebGt71D15HkH_kP9qnFcpzWieNgQuHwKWpoSERi4\">Facebook Profil\u00a0<\/a>\u00a0(&lt;- klick).<br \/>\nGenau zuh\u00f6ren &#8211; sie f\u00fcttert meine rosa Wolke \ud83d\ude42<\/li>\n<\/ul>\n<p>&nbsp;<\/p>\n","protected":false},"excerpt":{"rendered":"<p>In dieser Rubrik m\u00f6chte ich euch immer wieder neue und sehenswerte Videos zum Thema F\u00fchrung und Kommunikation vorstellen. Kennst du das auch ? Du siehst dir sehr viele Videos zu einem Thema an und&#46;&#46;&#46;<\/p>\n","protected":false},"author":1,"featured_media":0,"parent":0,"menu_order":0,"comment_status":"closed","ping_status":"closed","template":"","meta":{"footnotes":""},"class_list":["post-102","page","type-page","status-publish","hentry"],"_links":{"self":[{"href":"https:\/\/strahlemaus.at\/index.php?rest_route=\/wp\/v2\/pages\/102","targetHints":{"allow":["GET"]}}],"collection":[{"href":"https:\/\/strahlemaus.at\/index.php?rest_route=\/wp\/v2\/pages"}],"about":[{"href":"https:\/\/strahlemaus.at\/index.php?rest_route=\/wp\/v2\/types\/page"}],"author":[{"embeddable":true,"href":"https:\/\/strahlemaus.at\/index.php?rest_route=\/wp\/v2\/users\/1"}],"replies":[{"embeddable":true,"href":"https:\/\/strahlemaus.at\/index.php?rest_route=%2Fwp%2Fv2%2Fcomments&post=102"}],"version-history":[{"count":5,"href":"https:\/\/strahlemaus.at\/index.php?rest_route=\/wp\/v2\/pages\/102\/revisions"}],"predecessor-version":[{"id":228,"href":"https:\/\/strahlemaus.at\/index.php?rest_route=\/wp\/v2\/pages\/102\/revisions\/228"}],"wp:attachment":[{"href":"https:\/\/strahlemaus.at\/index.php?rest_route=%2Fwp%2Fv2%2Fmedia&parent=102"}],"curies":[{"name":"wp","href":"https:\/\/api.w.org\/{rel}","templated":true}]}}